{"id":1513,"date":"2024-10-25T20:35:33","date_gmt":"2024-10-25T18:35:33","guid":{"rendered":"https:\/\/eloustani34.com\/?page_id=1513"},"modified":"2024-10-25T21:31:53","modified_gmt":"2024-10-25T19:31:53","slug":"conditions-generales-dutilisation-cgu","status":"publish","type":"page","link":"https:\/\/eloustani34.com\/index.php\/conditions-generales-dutilisation-cgu\/","title":{"rendered":"CONDITIONS G\u00c9N\u00c9RALES D&rsquo;UTILISATION (CGU)"},"content":{"rendered":"\t\t<div data-elementor-type=\"wp-page\" data-elementor-id=\"1513\" class=\"elementor elementor-1513\">\n\t\t\t\t<div class=\"elementor-element elementor-element-d862a75 e-flex e-con-boxed wpr-particle-no wpr-jarallax-no wpr-parallax-no wpr-sticky-section-no wpr-equal-height-no e-con e-parent\" data-id=\"d862a75\" data-element_type=\"container\" data-e-type=\"container\" data-settings=\"{&quot;background_background&quot;:&quot;classic&quot;}\">\n\t\t\t\t\t<div class=\"e-con-inner\">\n\t\t\t\t\t<\/div>\n\t\t\t\t<\/div>\n\t\t<div class=\"elementor-element elementor-element-ec570bd e-flex e-con-boxed wpr-particle-no wpr-jarallax-no wpr-parallax-no wpr-sticky-section-no wpr-equal-height-no e-con e-parent\" data-id=\"ec570bd\" data-element_type=\"container\" data-e-type=\"container\" data-settings=\"{&quot;background_background&quot;:&quot;classic&quot;}\">\n\t\t\t\t\t<div class=\"e-con-inner\">\n\t\t\t\t<div class=\"elementor-element elementor-element-f620218 elementor-widget elementor-widget-text-editor\" data-id=\"f620218\" data-element_type=\"widget\" data-e-type=\"widget\" data-widget_type=\"text-editor.default\">\n\t\t\t\t<div class=\"elementor-widget-container\">\n\t\t\t\t\t\t\t\t\t<h5>CONDITIONS G\u00c9N\u00c9RALES D&rsquo;UTILISATION (CGU)<\/h5><p>Les pr\u00e9sentes conditions g\u00e9n\u00e9rales d&rsquo;utilisation (CGU) r\u00e9gissent l&rsquo;acc\u00e8s et l&rsquo;utilisation du site internet de El Oustani Constructions.<\/p><p><strong>1. Acceptation des CGU :<\/strong><br \/>En acc\u00e9dant au site, vous acceptez les pr\u00e9sentes CGU. Si vous n&rsquo;\u00eates pas d&rsquo;accord avec ces conditions, veuillez ne pas utiliser le site.<\/p><p><strong>2. Acc\u00e8s au site :<\/strong><br \/>Le site est accessible gratuitement en tout lieu \u00e0 tout utilisateur disposant d&rsquo;un acc\u00e8s \u00e0 internet. Tous les frais support\u00e9s par l&rsquo;utilisateur pour acc\u00e9der au service (mat\u00e9riel informatique, logiciels, connexion internet, etc.) sont \u00e0 sa charge.<\/p><p><strong>3. Contenu du site :<\/strong><br \/>Le contenu du site est fourni \u00e0 titre informatif. El Oustani Constructions s&rsquo;efforce de garantir l&rsquo;exactitude des informations publi\u00e9es, mais ne saurait \u00eatre tenue responsable des erreurs ou omissions.<\/p><p><strong>4. Liens hypertextes :<\/strong><br \/>Le site peut contenir des liens hypertextes vers d&rsquo;autres sites. El Oustani Constructions n&rsquo;est pas responsable du contenu de ces sites.<\/p><p><strong>5. Propri\u00e9t\u00e9 intellectuelle :<\/strong><br \/>Tout le contenu du site est prot\u00e9g\u00e9 par des droits de propri\u00e9t\u00e9 intellectuelle. L&rsquo;utilisateur s&rsquo;engage \u00e0 ne pas reproduire, distribuer, ou exploiter ce contenu sans autorisation.<\/p><p><strong>6. Responsabilit\u00e9 :<\/strong><br \/>El Oustani Constructions d\u00e9cline toute responsabilit\u00e9 en cas de dommages directs ou indirects r\u00e9sultant de l&rsquo;utilisation du site ou de l&rsquo;impossibilit\u00e9 d&rsquo;y acc\u00e9der.<\/p><p><strong>7. Modification des CGU :<\/strong><br \/>El Oustani Constructions se r\u00e9serve le droit de modifier \u00e0 tout moment les pr\u00e9sentes CGU. Les utilisateurs sont invit\u00e9s \u00e0 consulter r\u00e9guli\u00e8rement cette page pour prendre connaissance de toute modification.<\/p>\t\t\t\t\t\t\t\t<\/div>\n\t\t\t\t<\/div>\n\t\t\t\t\t<\/div>\n\t\t\t\t<\/div>\n\t\t\t\t<\/div>\n\t\t","protected":false},"excerpt":{"rendered":"<p>CONDITIONS G\u00c9N\u00c9RALES D&rsquo;UTILISATION (CGU) Les pr\u00e9sentes conditions g\u00e9n\u00e9rales d&rsquo;utilisation (CGU) r\u00e9gissent l&rsquo;acc\u00e8s et l&rsquo;utilisation du site internet de El Oustani Constructions. 1. Acceptation des CGU :En acc\u00e9dant au site, vous acceptez les pr\u00e9sentes CGU. Si vous n&rsquo;\u00eates pas d&rsquo;accord avec ces conditions, veuillez ne pas utiliser le site. 2. Acc\u00e8s au site :Le site est accessible gratuitement en tout lieu \u00e0 tout utilisateur disposant d&rsquo;un acc\u00e8s \u00e0 internet. Tous les frais support\u00e9s par l&rsquo;utilisateur pour acc\u00e9der au service (mat\u00e9riel informatique, logiciels, connexion internet, etc.) sont \u00e0 sa charge. 3. Contenu du site :Le contenu du site est fourni \u00e0 titre informatif. El Oustani Constructions s&rsquo;efforce de garantir l&rsquo;exactitude des informations publi\u00e9es, mais ne saurait \u00eatre tenue responsable des erreurs ou omissions. 4. Liens hypertextes :Le site peut contenir des liens hypertextes vers d&rsquo;autres sites. El Oustani Constructions n&rsquo;est pas responsable du contenu de ces sites. 5. Propri\u00e9t\u00e9 intellectuelle :Tout le contenu du site est prot\u00e9g\u00e9 par des droits de propri\u00e9t\u00e9 intellectuelle. L&rsquo;utilisateur s&rsquo;engage \u00e0 ne pas reproduire, distribuer, ou exploiter ce contenu sans autorisation. 6. Responsabilit\u00e9 :El Oustani Constructions d\u00e9cline toute responsabilit\u00e9 en cas de dommages directs ou indirects r\u00e9sultant de l&rsquo;utilisation du site ou de l&rsquo;impossibilit\u00e9 d&rsquo;y acc\u00e9der. 7. Modification des CGU :El Oustani Constructions se r\u00e9serve le droit de modifier \u00e0 tout moment les pr\u00e9sentes CGU. Les utilisateurs sont invit\u00e9s \u00e0 consulter r\u00e9guli\u00e8rement cette page pour prendre connaissance de toute modification.<\/p>\n","protected":false},"author":1,"featured_media":0,"parent":0,"menu_order":0,"comment_status":"closed","ping_status":"closed","template":"","meta":{"footnotes":""},"class_list":["post-1513","page","type-page","status-publish","hentry"],"_links":{"self":[{"href":"https:\/\/eloustani34.com\/index.php\/wp-json\/wp\/v2\/pages\/1513","targetHints":{"allow":["GET"]}}],"collection":[{"href":"https:\/\/eloustani34.com\/index.php\/wp-json\/wp\/v2\/pages"}],"about":[{"href":"https:\/\/eloustani34.com\/index.php\/wp-json\/wp\/v2\/types\/page"}],"author":[{"embeddable":true,"href":"https:\/\/eloustani34.com\/index.php\/wp-json\/wp\/v2\/users\/1"}],"replies":[{"embeddable":true,"href":"https:\/\/eloustani34.com\/index.php\/wp-json\/wp\/v2\/comments?post=1513"}],"version-history":[{"count":52,"href":"https:\/\/eloustani34.com\/index.php\/wp-json\/wp\/v2\/pages\/1513\/revisions"}],"predecessor-version":[{"id":1639,"href":"https:\/\/eloustani34.com\/index.php\/wp-json\/wp\/v2\/pages\/1513\/revisions\/1639"}],"wp:attachment":[{"href":"https:\/\/eloustani34.com\/index.php\/wp-json\/wp\/v2\/media?parent=1513"}],"curies":[{"name":"wp","href":"https:\/\/api.w.org\/{rel}","templated":true}]}}