{"id":15,"date":"2023-09-06T14:07:07","date_gmt":"2023-09-06T14:07:07","guid":{"rendered":"https:\/\/demosites.royal-elementor-addons.com\/solar-energy-v1\/?page_id=15"},"modified":"2025-09-09T17:51:08","modified_gmt":"2025-09-09T15:51:08","slug":"mentionslegales","status":"publish","type":"page","link":"https:\/\/eloustani34.com\/index.php\/mentionslegales\/","title":{"rendered":"Mention l\u00e9gales"},"content":{"rendered":"\t\t<div data-elementor-type=\"wp-page\" data-elementor-id=\"15\" class=\"elementor elementor-15\">\n\t\t\t\t<div class=\"elementor-element elementor-element-8f64f20 e-flex e-con-boxed wpr-particle-no wpr-jarallax-no wpr-parallax-no wpr-sticky-section-no wpr-equal-height-no e-con e-parent\" data-id=\"8f64f20\" data-element_type=\"container\" data-e-type=\"container\" data-settings=\"{&quot;background_background&quot;:&quot;classic&quot;}\">\n\t\t\t\t\t<div class=\"e-con-inner\">\n\t\t\t\t\t<\/div>\n\t\t\t\t<\/div>\n\t\t<div class=\"elementor-element elementor-element-9e62721 e-flex e-con-boxed wpr-particle-no wpr-jarallax-no wpr-parallax-no wpr-sticky-section-no wpr-equal-height-no e-con e-parent\" data-id=\"9e62721\" data-element_type=\"container\" data-e-type=\"container\" data-settings=\"{&quot;background_background&quot;:&quot;classic&quot;}\">\n\t\t\t\t\t<div class=\"e-con-inner\">\n\t\t\t\t<div class=\"elementor-element elementor-element-2d5fef0 elementor-widget elementor-widget-text-editor\" data-id=\"2d5fef0\" data-element_type=\"widget\" data-e-type=\"widget\" data-widget_type=\"text-editor.default\">\n\t\t\t\t<div class=\"elementor-widget-container\">\n\t\t\t\t\t\t\t\t\t<h5>MENTIONS L\u00c9GALES<\/h5><p data-start=\"563\" data-end=\"960\"><strong data-start=\"563\" data-end=\"582\">\u00c9diteur du site<\/strong><br data-start=\"582\" data-end=\"585\" \/>El Oustani Constructions<br data-start=\"609\" data-end=\"612\" \/>Forme juridique : SARL<br data-start=\"682\" data-end=\"685\" \/>Adresse : 42 Rue Daniel Balavoine, 34570 Pignan, France<br data-start=\"740\" data-end=\"743\" \/>T\u00e9l\u00e9phone : 06 60 32 71 23<br data-start=\"769\" data-end=\"772\" \/>Email : <a class=\"decorated-link cursor-pointer\" rel=\"noopener\" data-start=\"780\" data-end=\"807\">hamedelooustani@hotmail.com<\/a><br data-start=\"807\" data-end=\"810\" \/>SIRET : 482 548 112 00028<br data-start=\"835\" data-end=\"838\" \/>Responsable de la publication : Hamed El Oustani<\/p><p data-start=\"962\" data-end=\"1092\"><strong data-start=\"962\" data-end=\"977\">H\u00e9bergement<\/strong><br data-start=\"977\" data-end=\"980\" \/>Nom de l\u2019h\u00e9bergeur : OVH<br data-start=\"1004\" data-end=\"1007\" \/>Adresse de l\u2019h\u00e9bergeur : 2 Rue Kellermann, 59100 Roubaix, France<br data-start=\"1071\" data-end=\"1074\" \/>T\u00e9l\u00e9phone : 1007<\/p><p data-start=\"1094\" data-end=\"1557\"><strong data-start=\"1094\" data-end=\"1122\">Propri\u00e9t\u00e9 intellectuelle<\/strong><br data-start=\"1122\" data-end=\"1125\" \/>L\u2019ensemble du contenu de ce site (textes, images, logos, vid\u00e9os, documents, etc.) est la propri\u00e9t\u00e9 exclusive de El Oustani Constructions, sauf mention contraire.<br data-start=\"1286\" data-end=\"1289\" \/>Toute reproduction, repr\u00e9sentation, diffusion ou utilisation, totale ou partielle, sans autorisation \u00e9crite pr\u00e9alable, est strictement interdite et constituerait une contrefa\u00e7on sanctionn\u00e9e par les articles L.335-2 et suivants du Code de la propri\u00e9t\u00e9 intellectuelle.<\/p><p data-start=\"1559\" data-end=\"2146\"><strong data-start=\"1559\" data-end=\"1598\">Protection des donn\u00e9es personnelles<\/strong><br data-start=\"1598\" data-end=\"1601\" \/>Les informations recueillies via le site (formulaire de contact, demande de devis, etc.) sont destin\u00e9es exclusivement \u00e0 El Oustani Constructions et ne seront en aucun cas transmises \u00e0 des tiers sans consentement pr\u00e9alable.<br data-start=\"1823\" data-end=\"1826\" \/>Conform\u00e9ment au R\u00e8glement G\u00e9n\u00e9ral sur la Protection des Donn\u00e9es (RGPD) et \u00e0 la loi \u00ab Informatique et Libert\u00e9s \u00bb, vous disposez d\u2019un droit d\u2019acc\u00e8s, de rectification, de suppression et d\u2019opposition aux donn\u00e9es vous concernant.<br data-start=\"2050\" data-end=\"2053\" \/>Vous pouvez exercer ces droits en nous contactant par email \u00e0 : <a class=\"decorated-link cursor-pointer\" rel=\"noopener\" data-start=\"2117\" data-end=\"2144\">hamedelooustani@hotmail.com<\/a><\/p><p data-start=\"2359\" data-end=\"2679\"><strong data-start=\"2359\" data-end=\"2377\">Responsabilit\u00e9<\/strong><br data-start=\"2377\" data-end=\"2380\" \/>El Oustani Constructions s\u2019efforce de fournir des informations fiables et \u00e0 jour. Toutefois, l\u2019\u00e9diteur ne saurait \u00eatre tenu responsable d\u2019erreurs, d\u2019omissions ou d\u2019une indisponibilit\u00e9 du site.<br data-start=\"2572\" data-end=\"2575\" \/>L\u2019utilisateur reconna\u00eet utiliser les informations et outils disponibles sous sa propre responsabilit\u00e9.<\/p>\t\t\t\t\t\t\t\t<\/div>\n\t\t\t\t<\/div>\n\t\t\t\t\t<\/div>\n\t\t\t\t<\/div>\n\t\t\t\t<\/div>\n\t\t","protected":false},"excerpt":{"rendered":"<p>MENTIONS L\u00c9GALES \u00c9diteur du siteEl Oustani ConstructionsForme juridique : SARLAdresse : 42 Rue Daniel Balavoine, 34570 Pignan, FranceT\u00e9l\u00e9phone : 06 60 32 71 23Email : hamedelooustani@hotmail.comSIRET : 482 548 112 00028Responsable de la publication : Hamed El Oustani H\u00e9bergementNom de l\u2019h\u00e9bergeur : OVHAdresse de l\u2019h\u00e9bergeur : 2 Rue Kellermann, 59100 Roubaix, FranceT\u00e9l\u00e9phone : 1007 Propri\u00e9t\u00e9 intellectuelleL\u2019ensemble du contenu de ce site (textes, images, logos, vid\u00e9os, documents, etc.) est la propri\u00e9t\u00e9 exclusive de El Oustani Constructions, sauf mention contraire.Toute reproduction, repr\u00e9sentation, diffusion ou utilisation, totale ou partielle, sans autorisation \u00e9crite pr\u00e9alable, est strictement interdite et constituerait une contrefa\u00e7on sanctionn\u00e9e par les articles L.335-2 et suivants du Code de la propri\u00e9t\u00e9 intellectuelle. Protection des donn\u00e9es personnellesLes informations recueillies via le site (formulaire de contact, demande de devis, etc.) sont destin\u00e9es exclusivement \u00e0 El Oustani Constructions et ne seront en aucun cas transmises \u00e0 des tiers sans consentement pr\u00e9alable.Conform\u00e9ment au R\u00e8glement G\u00e9n\u00e9ral sur la Protection des Donn\u00e9es (RGPD) et \u00e0 la loi \u00ab Informatique et Libert\u00e9s \u00bb, vous disposez d\u2019un droit d\u2019acc\u00e8s, de rectification, de suppression et d\u2019opposition aux donn\u00e9es vous concernant.Vous pouvez exercer ces droits en nous contactant par email \u00e0 : hamedelooustani@hotmail.com Responsabilit\u00e9El Oustani Constructions s\u2019efforce de fournir des informations fiables et \u00e0 jour. Toutefois, l\u2019\u00e9diteur ne saurait \u00eatre tenu responsable d\u2019erreurs, d\u2019omissions ou d\u2019une indisponibilit\u00e9 du site.L\u2019utilisateur reconna\u00eet utiliser les informations et outils disponibles sous sa propre responsabilit\u00e9.<\/p>\n","protected":false},"author":1,"featured_media":0,"parent":0,"menu_order":0,"comment_status":"closed","ping_status":"closed","template":"elementor_canvas","meta":{"footnotes":""},"class_list":["post-15","page","type-page","status-publish","hentry"],"_links":{"self":[{"href":"https:\/\/eloustani34.com\/index.php\/wp-json\/wp\/v2\/pages\/15","targetHints":{"allow":["GET"]}}],"collection":[{"href":"https:\/\/eloustani34.com\/index.php\/wp-json\/wp\/v2\/pages"}],"about":[{"href":"https:\/\/eloustani34.com\/index.php\/wp-json\/wp\/v2\/types\/page"}],"author":[{"embeddable":true,"href":"https:\/\/eloustani34.com\/index.php\/wp-json\/wp\/v2\/users\/1"}],"replies":[{"embeddable":true,"href":"https:\/\/eloustani34.com\/index.php\/wp-json\/wp\/v2\/comments?post=15"}],"version-history":[{"count":57,"href":"https:\/\/eloustani34.com\/index.php\/wp-json\/wp\/v2\/pages\/15\/revisions"}],"predecessor-version":[{"id":1719,"href":"https:\/\/eloustani34.com\/index.php\/wp-json\/wp\/v2\/pages\/15\/revisions\/1719"}],"wp:attachment":[{"href":"https:\/\/eloustani34.com\/index.php\/wp-json\/wp\/v2\/media?parent=15"}],"curies":[{"name":"wp","href":"https:\/\/api.w.org\/{rel}","templated":true}]}}